{"id":2095,"date":"2019-01-14T10:11:48","date_gmt":"2019-01-14T10:11:48","guid":{"rendered":"https:\/\/www.scoaladeadministratori.ro\/?page_id=2095"},"modified":"2019-01-14T10:11:48","modified_gmt":"2019-01-14T10:11:48","slug":"marta-claudia-cliza","status":"publish","type":"page","link":"https:\/\/www.scoaladeadministratori.ro\/lectori\/marta-claudia-cliza\/","title":{"rendered":"Marta-Claudia Cliza"},"content":{"rendered":"<p>[vc_row css=&#8221;.vc_custom_1547208725314{background-color: #ffffff !important;}&#8221;][vc_column width=&#8221;1\/4&#8243;][vc_single_image image=&#8221;1975&#8243; img_size=&#8221;medium&#8221;][\/vc_column][vc_column width=&#8221;3\/4&#8243; css=&#8221;.vc_custom_1547208983411{background-color: #ffffff !important;}&#8221;]<div class=\"rt-vc-text-title  style1\" style=\"\">\n\t\t\t<h2 class=\"rtin-title\">Marta-Claudia Cliza<\/h2>\n\t\t\t\t<p class=\"rtin-content\"><strong>E<\/strong>ste avocat definitiv, membru al Baroului Bucure\u015fti din anul 2006.<\/p>\n<p>Claudia este <em>Founding &amp; Managing Partner<\/em> al <em>Cliza Law Office<\/em>, coordon\u00e2nd activitatea unei echipe complexe de avoca\u0163i, specializa\u0163i \u00een dreptul na\u0163ional, european \u015fi interna\u0163ional.<\/p>\n<p>Claudia este specializat\u0103 \u00een drept comercial \u015fi societar, fuziuni \u015fi achizi\u0163ii, contencios administrativ \u015fi fiscal, drept procesual civil.<\/p>\n<p>Ea a reprezentat importante societ\u0103\u0163i transna\u0163ionale, institu\u0163ii financiar-bancare, societ\u0103\u0163i din domeniul energiei, dezvoltatori imobiliari, dar \u015fi institu\u0163ii publice, av\u00e2nd o reputa\u0163ie ne\u015ftirbit\u0103 \u00een asisten\u0163a juridic\u0103 acordat\u0103.<\/p>\n<p>\u00cen plan academic, Claudia esti conferen\u0163iar universitar doctor \u00een cadrul Facult\u0103\u0163ii de Drept a Universit\u0103\u0163ii \u201eNicolae Titulescu\u201d din Bucure\u015fti, fiind invitat\u0103 ca lector la numeroase conferin\u0163e na\u0163ionale \u015fi interna\u0163ionale \u015fi public\u00e2nd numeroase articole \u015fi c\u0103r\u0163i de specialitate.<\/p>\n\t\t<\/div>[\/vc_column][\/vc_row]<\/p>\n","protected":false},"excerpt":{"rendered":"<p>[vc_row css=&#8221;.vc_custom_1547208725314{background-color: #ffffff !important;}&#8221;][vc_column width=&#8221;1\/4&#8243;][vc_single_image image=&#8221;1975&#8243; img_size=&#8221;medium&#8221;][\/vc_column][vc_column width=&#8221;3\/4&#8243; css=&#8221;.vc_custom_1547208983411{background-color: #ffffff !important;}&#8221;][\/vc_column][\/vc_row]<\/p>\n","protected":false},"author":1,"featured_media":0,"parent":2072,"menu_order":0,"comment_status":"closed","ping_status":"closed","template":"","meta":{"footnotes":""},"class_list":["post-2095","page","type-page","status-publish","hentry"],"_links":{"self":[{"href":"https:\/\/www.scoaladeadministratori.ro\/wp-json\/wp\/v2\/pages\/2095","targetHints":{"allow":["GET"]}}],"collection":[{"href":"https:\/\/www.scoaladeadministratori.ro\/wp-json\/wp\/v2\/pages"}],"about":[{"href":"https:\/\/www.scoaladeadministratori.ro\/wp-json\/wp\/v2\/types\/page"}],"author":[{"embeddable":true,"href":"https:\/\/www.scoaladeadministratori.ro\/wp-json\/wp\/v2\/users\/1"}],"replies":[{"embeddable":true,"href":"https:\/\/www.scoaladeadministratori.ro\/wp-json\/wp\/v2\/comments?post=2095"}],"version-history":[{"count":1,"href":"https:\/\/www.scoaladeadministratori.ro\/wp-json\/wp\/v2\/pages\/2095\/revisions"}],"predecessor-version":[{"id":2096,"href":"https:\/\/www.scoaladeadministratori.ro\/wp-json\/wp\/v2\/pages\/2095\/revisions\/2096"}],"up":[{"embeddable":true,"href":"https:\/\/www.scoaladeadministratori.ro\/wp-json\/wp\/v2\/pages\/2072"}],"wp:attachment":[{"href":"https:\/\/www.scoaladeadministratori.ro\/wp-json\/wp\/v2\/media?parent=2095"}],"curies":[{"name":"wp","href":"https:\/\/api.w.org\/{rel}","templated":true}]}}